{"id":4585,"date":"2016-12-06T11:27:32","date_gmt":"2016-12-06T10:27:32","guid":{"rendered":"http:\/\/www.attitude.lu\/presentation\/"},"modified":"2016-12-06T12:05:25","modified_gmt":"2016-12-06T11:05:25","slug":"apresentacao","status":"publish","type":"page","link":"https:\/\/www.attitude.lu\/pt-pt\/apresentacao\/","title":{"rendered":"Apresenta\u00e7\u00e3o"},"content":{"rendered":"<p>[vc_row][vc_column width=&#8221;2\/3&#8243;][vc_column_text]<\/p>\n<h2>Quem sou eu?<\/h2>\n<p>Sou um\u00a0<strong>coach profissional<\/strong>, um apaixonado da vida e sou reconhecido como um homem decidido a contribuir ao bem-estar e sucesso das pessoas.<\/p>\n<p>Adquiri uma s\u00f3lida forma\u00e7\u00e3o comercial e administrativa em 1992 desde ent\u00e3o ganhei em experi\u00eancia seja no dom\u00ednio das vendas seja na gest\u00e3o de recursos humanos o que me levou naturalmente em dire\u00e7\u00e3o a uma carreira no coaching em 2012.<\/p>\n<p>Esta certifica\u00e7\u00e3o (reconhecida pelo estado segundo o despacho do 23 de abril de 2003) adquiri-o na escola <a title=\"ICN Business School\" href=\"http:\/\/www.icn-groupe.fr\/fr\" target=\"_blank\">ICN<\/a> de Nancy com a colabora\u00e7\u00e3o da <a title=\"Luxembourg School for Commerce\" href=\"http:\/\/www.lsc.lu\/\" target=\"_blank\">LSC<\/a> Luxemburgo\u00a0gravado no repert\u00f3rio nacional das certifica\u00e7\u00f5es profissionais de n\u00edvel I, c\u00f3digo NSF 315p gravado pelo despacho publicado no J.O do 25 de novembro de 2011.<br \/>\nSou igualmente diretor de uma sociedade imobili\u00e1ria chamada <a title=\"Agence Immobili\u00e8re Luxembourg\" href=\"http:\/\/abrigo.lu\/\" target=\"_blank\">Abrigo<\/a> S.A.R.L. que trata de todas as transa\u00e7\u00f5es imobili\u00e1rias o que me permite estar atualizado no dom\u00ednio dos meios dos neg\u00f3cios.<br \/>\nSou igualmente Membro <a title=\"International Coaching Federation\" href=\"http:\/\/www.coachfederation.lu\/\" target=\"_blank\">ICF<\/a>, Federa\u00e7\u00e3o Internacional de Coaching da qual o <a title=\"ICF Code de D\u00e9ontologie\" href=\"http:\/\/www.coachfederation.fr\/index.php?option=com_k2&amp;view=itemlist&amp;task=category&amp;id=273:icf-code-de-d%C3%A9ontologie&amp;Itemid=346\" target=\"_blank\">C\u00f3digo de conduta<\/a> eu respeito.[\/vc_column_text][\/vc_column][vc_column width=&#8221;1\/3&#8243;][vc_single_image image=&#8221;3891&#8243; border_color=&#8221;grey&#8221; img_link_target=&#8221;_self&#8221; title=&#8221;Miguel FERNANDES&#8221;][\/vc_column][\/vc_row][vc_row][vc_column width=&#8221;1\/1&#8243;]<div class=\"space40\"><\/div>[\/vc_column][\/vc_row]<\/p>\n","protected":false},"excerpt":{"rendered":"<p>[vc_row][vc_column width=&#8221;2\/3&#8243;][vc_column_text] Quem sou eu? Sou um\u00a0coach profissional, um apaixonado<\/p>\n","protected":false},"author":2,"featured_media":0,"parent":0,"menu_order":-900,"comment_status":"closed","ping_status":"closed","template":"","meta":{"footnotes":""},"class_list":["post-4585","page","type-page","status-publish","hentry"],"yoast_head":"<!-- This site is optimized with the Yoast SEO plugin v26.8 - https:\/\/yoast.com\/product\/yoast-seo-wordpress\/ -->\n<title>Coaching-entreprise-performance-accompagnement<\/title>\n<meta name=\"description\" content=\"Je suis un coach professionnel, un passionn\u00e9 de la vie et je suis reconnu comme homme engag\u00e9 \u00e0 contribuer au bien-\u00eatre et succ\u00e8s des gens.\" \/>\n<meta name=\"robots\" content=\"index, follow, max-snippet:-1, max-image-preview:large, max-video-preview:-1\" \/>\n<link rel=\"canonical\" href=\"https:\/\/www.attitude.lu\/pt-pt\/apresentacao\/\" \/>\n<meta property=\"og:locale\" content=\"pt_PT\" \/>\n<meta property=\"og:type\" content=\"article\" \/>\n<meta property=\"og:title\" content=\"Coaching-entreprise-performance-accompagnement\" \/>\n<meta property=\"og:description\" content=\"Je suis un coach professionnel, un passionn\u00e9 de la vie et je suis reconnu comme homme engag\u00e9 \u00e0 contribuer au bien-\u00eatre et succ\u00e8s des gens.\" \/>\n<meta property=\"og:url\" content=\"https:\/\/www.attitude.lu\/pt-pt\/apresentacao\/\" \/>\n<meta property=\"og:site_name\" content=\"attitude.lu\" \/>\n<meta property=\"article:modified_time\" content=\"2016-12-06T11:05:25+00:00\" \/>\n<meta name=\"twitter:label1\" content=\"Tempo estimado de leitura\" \/>\n\t<meta name=\"twitter:data1\" content=\"1 minuto\" \/>\n<script type=\"application\/ld+json\" class=\"yoast-schema-graph\">{\"@context\":\"https:\/\/schema.org\",\"@graph\":[{\"@type\":\"WebPage\",\"@id\":\"https:\/\/www.attitude.lu\/pt-pt\/apresentacao\/\",\"url\":\"https:\/\/www.attitude.lu\/pt-pt\/apresentacao\/\",\"name\":\"Coaching-entreprise-performance-accompagnement\",\"isPartOf\":{\"@id\":\"https:\/\/www.attitude.lu\/#website\"},\"datePublished\":\"2016-12-06T10:27:32+00:00\",\"dateModified\":\"2016-12-06T11:05:25+00:00\",\"description\":\"Je suis un coach professionnel, un passionn\u00e9 de la vie et je suis reconnu comme homme engag\u00e9 \u00e0 contribuer au bien-\u00eatre et succ\u00e8s des gens.\",\"breadcrumb\":{\"@id\":\"https:\/\/www.attitude.lu\/pt-pt\/apresentacao\/#breadcrumb\"},\"inLanguage\":\"pt-PT\",\"potentialAction\":[{\"@type\":\"ReadAction\",\"target\":[\"https:\/\/www.attitude.lu\/pt-pt\/apresentacao\/\"]}]},{\"@type\":\"BreadcrumbList\",\"@id\":\"https:\/\/www.attitude.lu\/pt-pt\/apresentacao\/#breadcrumb\",\"itemListElement\":[{\"@type\":\"ListItem\",\"position\":1,\"name\":\"Home\",\"item\":\"https:\/\/www.attitude.lu\/pt-pt\/\"},{\"@type\":\"ListItem\",\"position\":2,\"name\":\"Apresenta\u00e7\u00e3o\"}]},{\"@type\":\"WebSite\",\"@id\":\"https:\/\/www.attitude.lu\/#website\",\"url\":\"https:\/\/www.attitude.lu\/\",\"name\":\"attitude.lu\",\"description\":\"vous accompage dans vos diff\u00e9rents objectifs\",\"potentialAction\":[{\"@type\":\"SearchAction\",\"target\":{\"@type\":\"EntryPoint\",\"urlTemplate\":\"https:\/\/www.attitude.lu\/?s={search_term_string}\"},\"query-input\":{\"@type\":\"PropertyValueSpecification\",\"valueRequired\":true,\"valueName\":\"search_term_string\"}}],\"inLanguage\":\"pt-PT\"}]}<\/script>\n<!-- \/ Yoast SEO plugin. -->","yoast_head_json":{"title":"Coaching-entreprise-performance-accompagnement","description":"Je suis un coach professionnel, un passionn\u00e9 de la vie et je suis reconnu comme homme engag\u00e9 \u00e0 contribuer au bien-\u00eatre et succ\u00e8s des gens.","robots":{"index":"index","follow":"follow","max-snippet":"max-snippet:-1","max-image-preview":"max-image-preview:large","max-video-preview":"max-video-preview:-1"},"canonical":"https:\/\/www.attitude.lu\/pt-pt\/apresentacao\/","og_locale":"pt_PT","og_type":"article","og_title":"Coaching-entreprise-performance-accompagnement","og_description":"Je suis un coach professionnel, un passionn\u00e9 de la vie et je suis reconnu comme homme engag\u00e9 \u00e0 contribuer au bien-\u00eatre et succ\u00e8s des gens.","og_url":"https:\/\/www.attitude.lu\/pt-pt\/apresentacao\/","og_site_name":"attitude.lu","article_modified_time":"2016-12-06T11:05:25+00:00","twitter_misc":{"Tempo estimado de leitura":"1 minuto"},"schema":{"@context":"https:\/\/schema.org","@graph":[{"@type":"WebPage","@id":"https:\/\/www.attitude.lu\/pt-pt\/apresentacao\/","url":"https:\/\/www.attitude.lu\/pt-pt\/apresentacao\/","name":"Coaching-entreprise-performance-accompagnement","isPartOf":{"@id":"https:\/\/www.attitude.lu\/#website"},"datePublished":"2016-12-06T10:27:32+00:00","dateModified":"2016-12-06T11:05:25+00:00","description":"Je suis un coach professionnel, un passionn\u00e9 de la vie et je suis reconnu comme homme engag\u00e9 \u00e0 contribuer au bien-\u00eatre et succ\u00e8s des gens.","breadcrumb":{"@id":"https:\/\/www.attitude.lu\/pt-pt\/apresentacao\/#breadcrumb"},"inLanguage":"pt-PT","potentialAction":[{"@type":"ReadAction","target":["https:\/\/www.attitude.lu\/pt-pt\/apresentacao\/"]}]},{"@type":"BreadcrumbList","@id":"https:\/\/www.attitude.lu\/pt-pt\/apresentacao\/#breadcrumb","itemListElement":[{"@type":"ListItem","position":1,"name":"Home","item":"https:\/\/www.attitude.lu\/pt-pt\/"},{"@type":"ListItem","position":2,"name":"Apresenta\u00e7\u00e3o"}]},{"@type":"WebSite","@id":"https:\/\/www.attitude.lu\/#website","url":"https:\/\/www.attitude.lu\/","name":"attitude.lu","description":"vous accompage dans vos diff\u00e9rents objectifs","potentialAction":[{"@type":"SearchAction","target":{"@type":"EntryPoint","urlTemplate":"https:\/\/www.attitude.lu\/?s={search_term_string}"},"query-input":{"@type":"PropertyValueSpecification","valueRequired":true,"valueName":"search_term_string"}}],"inLanguage":"pt-PT"}]}},"_links":{"self":[{"href":"https:\/\/www.attitude.lu\/pt-pt\/wp-json\/wp\/v2\/pages\/4585","targetHints":{"allow":["GET"]}}],"collection":[{"href":"https:\/\/www.attitude.lu\/pt-pt\/wp-json\/wp\/v2\/pages"}],"about":[{"href":"https:\/\/www.attitude.lu\/pt-pt\/wp-json\/wp\/v2\/types\/page"}],"author":[{"embeddable":true,"href":"https:\/\/www.attitude.lu\/pt-pt\/wp-json\/wp\/v2\/users\/2"}],"replies":[{"embeddable":true,"href":"https:\/\/www.attitude.lu\/pt-pt\/wp-json\/wp\/v2\/comments?post=4585"}],"version-history":[{"count":3,"href":"https:\/\/www.attitude.lu\/pt-pt\/wp-json\/wp\/v2\/pages\/4585\/revisions"}],"predecessor-version":[{"id":4592,"href":"https:\/\/www.attitude.lu\/pt-pt\/wp-json\/wp\/v2\/pages\/4585\/revisions\/4592"}],"wp:attachment":[{"href":"https:\/\/www.attitude.lu\/pt-pt\/wp-json\/wp\/v2\/media?parent=4585"}],"curies":[{"name":"wp","href":"https:\/\/api.w.org\/{rel}","templated":true}]}}