{"id":4593,"date":"2016-12-06T11:44:20","date_gmt":"2016-12-06T10:44:20","guid":{"rendered":"http:\/\/www.attitude.lu\/apresentacao\/attitude-lu\/"},"modified":"2016-12-06T12:16:19","modified_gmt":"2016-12-06T11:16:19","slug":"porque-atitude-lu","status":"publish","type":"page","link":"https:\/\/www.attitude.lu\/pt-pt\/apresentacao\/porque-atitude-lu\/","title":{"rendered":"Porqu\u00ea atitude.lu"},"content":{"rendered":"<p><strong>Attitude.lu<\/strong> \u00e9 o fruto de v\u00e1rios anos de reflex\u00e3o sobre a quest\u00e3o\u00a0 \u00ab\u00a0 o que nos distingue uns dos outros?\u00a0\u00bb \u00a0Temos o <strong>poder de escolher<\/strong>\u00a0!As nossas escolhas influenciam muito a nossa atitude. A nossa atitude segue-nos para todo o lado! Influencia os nossos resultados comerciais e pessoais. Est\u00e1 ligada ao nosso sucesso, tem um papel importante nas oportunidades que se nos apresentam!<\/p>\n<p>Este site foi criado com o objetivo de o ajudar a <strong>ver potencial em todo o lado<\/strong>,de dar um objetivo \u00e0quilo que faz, de <strong>desenvolver o seu sentido dos neg\u00f3cios<\/strong>, de <strong>de\u00a0aumentar a sua confian\u00e7a<\/strong>, <strong>de manter rela\u00e7\u00f5es<\/strong> dur\u00e1veis, <strong>de acompanh\u00e1-lo<\/strong> no <strong>otimizar<\/strong> dos seus<strong>valores<\/strong>, as suas\u00a0<strong>ambi\u00e7\u00f5es<\/strong>, <strong>os seus talentos<\/strong> e suas <strong>compet\u00eancias<\/strong>.<\/p>\n<p>Enquanto coach e empres\u00e1rio, fico \u00e0 sua disposi\u00e7\u00e3o para sess\u00f5es de coaching construtivo, individual ou em grupo. Convido-vos calorosamente a descobrir o meu site.<\/p>\n","protected":false},"excerpt":{"rendered":"<p>Attitude.lu \u00e9 o fruto de v\u00e1rios anos de reflex\u00e3o sobre<\/p>\n","protected":false},"author":3,"featured_media":0,"parent":4585,"menu_order":0,"comment_status":"closed","ping_status":"closed","template":"right-sidebar.php","meta":{"footnotes":""},"class_list":["post-4593","page","type-page","status-publish","hentry"],"yoast_head":"<!-- This site is optimized with the Yoast SEO plugin v26.8 - https:\/\/yoast.com\/product\/yoast-seo-wordpress\/ -->\n<title>Porqu\u00ea atitude.lu - attitude.lu<\/title>\n<meta name=\"robots\" content=\"index, follow, max-snippet:-1, max-image-preview:large, max-video-preview:-1\" \/>\n<link rel=\"canonical\" href=\"https:\/\/www.attitude.lu\/pt-pt\/apresentacao\/porque-atitude-lu\/\" \/>\n<meta property=\"og:locale\" content=\"pt_PT\" \/>\n<meta property=\"og:type\" content=\"article\" \/>\n<meta property=\"og:title\" content=\"Porqu\u00ea atitude.lu - attitude.lu\" \/>\n<meta property=\"og:description\" content=\"Attitude.lu \u00e9 o fruto de v\u00e1rios anos de reflex\u00e3o sobre\" \/>\n<meta property=\"og:url\" content=\"https:\/\/www.attitude.lu\/pt-pt\/apresentacao\/porque-atitude-lu\/\" \/>\n<meta property=\"og:site_name\" content=\"attitude.lu\" \/>\n<meta property=\"article:modified_time\" content=\"2016-12-06T11:16:19+00:00\" \/>\n<meta name=\"twitter:label1\" content=\"Tempo estimado de leitura\" \/>\n\t<meta name=\"twitter:data1\" content=\"1 minuto\" \/>\n<script type=\"application\/ld+json\" class=\"yoast-schema-graph\">{\"@context\":\"https:\/\/schema.org\",\"@graph\":[{\"@type\":\"WebPage\",\"@id\":\"https:\/\/www.attitude.lu\/pt-pt\/apresentacao\/porque-atitude-lu\/\",\"url\":\"https:\/\/www.attitude.lu\/pt-pt\/apresentacao\/porque-atitude-lu\/\",\"name\":\"Porqu\u00ea atitude.lu - attitude.lu\",\"isPartOf\":{\"@id\":\"https:\/\/www.attitude.lu\/#website\"},\"datePublished\":\"2016-12-06T10:44:20+00:00\",\"dateModified\":\"2016-12-06T11:16:19+00:00\",\"breadcrumb\":{\"@id\":\"https:\/\/www.attitude.lu\/pt-pt\/apresentacao\/porque-atitude-lu\/#breadcrumb\"},\"inLanguage\":\"pt-PT\",\"potentialAction\":[{\"@type\":\"ReadAction\",\"target\":[\"https:\/\/www.attitude.lu\/pt-pt\/apresentacao\/porque-atitude-lu\/\"]}]},{\"@type\":\"BreadcrumbList\",\"@id\":\"https:\/\/www.attitude.lu\/pt-pt\/apresentacao\/porque-atitude-lu\/#breadcrumb\",\"itemListElement\":[{\"@type\":\"ListItem\",\"position\":1,\"name\":\"Home\",\"item\":\"https:\/\/www.attitude.lu\/pt-pt\/\"},{\"@type\":\"ListItem\",\"position\":2,\"name\":\"Apresenta\u00e7\u00e3o\",\"item\":\"https:\/\/www.attitude.lu\/pt-pt\/apresentacao\/\"},{\"@type\":\"ListItem\",\"position\":3,\"name\":\"Porqu\u00ea atitude.lu\"}]},{\"@type\":\"WebSite\",\"@id\":\"https:\/\/www.attitude.lu\/#website\",\"url\":\"https:\/\/www.attitude.lu\/\",\"name\":\"attitude.lu\",\"description\":\"vous accompage dans vos diff\u00e9rents objectifs\",\"potentialAction\":[{\"@type\":\"SearchAction\",\"target\":{\"@type\":\"EntryPoint\",\"urlTemplate\":\"https:\/\/www.attitude.lu\/?s={search_term_string}\"},\"query-input\":{\"@type\":\"PropertyValueSpecification\",\"valueRequired\":true,\"valueName\":\"search_term_string\"}}],\"inLanguage\":\"pt-PT\"}]}<\/script>\n<!-- \/ Yoast SEO plugin. -->","yoast_head_json":{"title":"Porqu\u00ea atitude.lu - attitude.lu","robots":{"index":"index","follow":"follow","max-snippet":"max-snippet:-1","max-image-preview":"max-image-preview:large","max-video-preview":"max-video-preview:-1"},"canonical":"https:\/\/www.attitude.lu\/pt-pt\/apresentacao\/porque-atitude-lu\/","og_locale":"pt_PT","og_type":"article","og_title":"Porqu\u00ea atitude.lu - attitude.lu","og_description":"Attitude.lu \u00e9 o fruto de v\u00e1rios anos de reflex\u00e3o sobre","og_url":"https:\/\/www.attitude.lu\/pt-pt\/apresentacao\/porque-atitude-lu\/","og_site_name":"attitude.lu","article_modified_time":"2016-12-06T11:16:19+00:00","twitter_misc":{"Tempo estimado de leitura":"1 minuto"},"schema":{"@context":"https:\/\/schema.org","@graph":[{"@type":"WebPage","@id":"https:\/\/www.attitude.lu\/pt-pt\/apresentacao\/porque-atitude-lu\/","url":"https:\/\/www.attitude.lu\/pt-pt\/apresentacao\/porque-atitude-lu\/","name":"Porqu\u00ea atitude.lu - attitude.lu","isPartOf":{"@id":"https:\/\/www.attitude.lu\/#website"},"datePublished":"2016-12-06T10:44:20+00:00","dateModified":"2016-12-06T11:16:19+00:00","breadcrumb":{"@id":"https:\/\/www.attitude.lu\/pt-pt\/apresentacao\/porque-atitude-lu\/#breadcrumb"},"inLanguage":"pt-PT","potentialAction":[{"@type":"ReadAction","target":["https:\/\/www.attitude.lu\/pt-pt\/apresentacao\/porque-atitude-lu\/"]}]},{"@type":"BreadcrumbList","@id":"https:\/\/www.attitude.lu\/pt-pt\/apresentacao\/porque-atitude-lu\/#breadcrumb","itemListElement":[{"@type":"ListItem","position":1,"name":"Home","item":"https:\/\/www.attitude.lu\/pt-pt\/"},{"@type":"ListItem","position":2,"name":"Apresenta\u00e7\u00e3o","item":"https:\/\/www.attitude.lu\/pt-pt\/apresentacao\/"},{"@type":"ListItem","position":3,"name":"Porqu\u00ea atitude.lu"}]},{"@type":"WebSite","@id":"https:\/\/www.attitude.lu\/#website","url":"https:\/\/www.attitude.lu\/","name":"attitude.lu","description":"vous accompage dans vos diff\u00e9rents objectifs","potentialAction":[{"@type":"SearchAction","target":{"@type":"EntryPoint","urlTemplate":"https:\/\/www.attitude.lu\/?s={search_term_string}"},"query-input":{"@type":"PropertyValueSpecification","valueRequired":true,"valueName":"search_term_string"}}],"inLanguage":"pt-PT"}]}},"_links":{"self":[{"href":"https:\/\/www.attitude.lu\/pt-pt\/wp-json\/wp\/v2\/pages\/4593","targetHints":{"allow":["GET"]}}],"collection":[{"href":"https:\/\/www.attitude.lu\/pt-pt\/wp-json\/wp\/v2\/pages"}],"about":[{"href":"https:\/\/www.attitude.lu\/pt-pt\/wp-json\/wp\/v2\/types\/page"}],"author":[{"embeddable":true,"href":"https:\/\/www.attitude.lu\/pt-pt\/wp-json\/wp\/v2\/users\/3"}],"replies":[{"embeddable":true,"href":"https:\/\/www.attitude.lu\/pt-pt\/wp-json\/wp\/v2\/comments?post=4593"}],"version-history":[{"count":1,"href":"https:\/\/www.attitude.lu\/pt-pt\/wp-json\/wp\/v2\/pages\/4593\/revisions"}],"predecessor-version":[{"id":4596,"href":"https:\/\/www.attitude.lu\/pt-pt\/wp-json\/wp\/v2\/pages\/4593\/revisions\/4596"}],"up":[{"embeddable":true,"href":"https:\/\/www.attitude.lu\/pt-pt\/wp-json\/wp\/v2\/pages\/4585"}],"wp:attachment":[{"href":"https:\/\/www.attitude.lu\/pt-pt\/wp-json\/wp\/v2\/media?parent=4593"}],"curies":[{"name":"wp","href":"https:\/\/api.w.org\/{rel}","templated":true}]}}