{"id":4597,"date":"2016-12-06T11:53:25","date_gmt":"2016-12-06T10:53:25","guid":{"rendered":"http:\/\/www.attitude.lu\/apresentacao\/temoignages\/"},"modified":"2016-12-19T17:56:17","modified_gmt":"2016-12-19T16:56:17","slug":"testemunhos","status":"publish","type":"page","link":"https:\/\/www.attitude.lu\/pt-pt\/apresentacao\/testemunhos\/","title":{"rendered":"Testemunhos"},"content":{"rendered":"<p>[vc_row][vc_column]<div class=\"space30\"><\/div>[vc_column_text]<\/p>\n<h2>Testemunhos recentes<\/h2>\n<p>[\/vc_column_text]<div class=\"space\"><\/div>[vc_column_text]<div class=\"client-says\" style=\"clear:both;\">\n\t\t\t\t\t\t\t\t\t\t\t\t\t\t\t\t\t\t\t\t\t\t\t\t\t\t\t\t\t\t\"Em seguimento a um acidente, o m\u00e9dico prescreveu-me uma terapia na \u00e1gua profunda para a recupera\u00e7\u00e3o e a mobilidade do meu joelho. Infelizmente tinha medo da \u00e1gua devido a um traumatismo durante a minha inf\u00e2ncia.\r\nFoi nessa altura que conheci Miguel e segui sess\u00f5es de coaching e tamb\u00e9m aprendi a nadar.\r\nHoje sinto-me bem na \u00e1gua ao ponto que consigo projetar-me num futuro pr\u00f3ximo no qual ensinarei a minha filha a nadar.\"\n\t\t\t\t\t\t\t\t\t\t\t\t\t\t\t\t\t\t\t\t\t\t\t\t\t\t\t<\/div>\n\t\t\t\t\t\t\t\t\t\t\t\t\t\t\t\t\t\t\t\t\t\t\t\t\t\t\t<div class=\"client-says-2\" >\n\t\t\t\t\t\t\t\t\t\t\t\t\t\t\t\t\t\t\t\t\t\t\t\t\t\t\t\t\t<div class=\"client-name\" style=\"margin-bottom: 2.5em;\">\n\t\t\t\t\t\t\t\t\t\t\t\t\t\t\t\t\t\t\t\t\t\t\t\t\t\t\t\t\t\t\t<i class=\"fa fa-user\"><\/i>Mona Pop, Jurista, Parlamento europeu\n\t\t\t\t\t\t\t\t\t\t\t\t\t\t\t\t\t\t\t\t\t\t\t\t\t\t\t\t\t<\/div>\n\t\t\t\t\t\t\t\t\t\t\t\t\t\t\t\t\t\t\t\t\t\t\t\t\t\t\t<\/div><div class=\"client-says\" style=\"clear:both;\">\n\t\t\t\t\t\t\t\t\t\t\t\t\t\t\t\t\t\t\t\t\t\t\t\t\t\t\t\t\t\t\"Conheci o Miguel quando seguimos juntos a forma\u00e7\u00e3o intensa de coach profissional ICN-LSC e apreciei bastante as nossas trocas. Miguel \u00e9 uma pessoa muito presente e \u00e0 escuta de cada um, ao mesmo tempo que \u00e9 sens\u00edvel e criativo \u2013 o coaching \u00e9 o seu sexto sentido!\"\n\t\t\t\t\t\t\t\t\t\t\t\t\t\t\t\t\t\t\t\t\t\t\t\t\t\t\t<\/div>\n\t\t\t\t\t\t\t\t\t\t\t\t\t\t\t\t\t\t\t\t\t\t\t\t\t\t\t<div class=\"client-says-2\" >\n\t\t\t\t\t\t\t\t\t\t\t\t\t\t\t\t\t\t\t\t\t\t\t\t\t\t\t\t\t<div class=\"client-name\" style=\"margin-bottom: 2.5em;\">\n\t\t\t\t\t\t\t\t\t\t\t\t\t\t\t\t\t\t\t\t\t\t\t\t\t\t\t\t\t\t\t<i class=\"fa fa-user\"><\/i>Eva van der Elst, Coach lingu\u00edstico e intercultural\n\t\t\t\t\t\t\t\t\t\t\t\t\t\t\t\t\t\t\t\t\t\t\t\t\t\t\t\t\t<\/div>\n\t\t\t\t\t\t\t\t\t\t\t\t\t\t\t\t\t\t\t\t\t\t\t\t\t\t\t<\/div><div class=\"client-says\" style=\"clear:both;\">\n\t\t\t\t\t\t\t\t\t\t\t\t\t\t\t\t\t\t\t\t\t\t\t\t\t\t\t\t\t\t\"Gosto de me confiar ao Miguel. \u00c9 uma pessoa agrad\u00e1vel e profissional. Gra\u00e7as aos seus anos de experiencia comercial, sinto que ele compreende o mundo dos neg\u00f3cios com todas as suas apostas. A sua forma de escutar e de analisar, levou-me a p\u00f4r-me em causa e de encontrar as respostas de outro ponto de visto. Esta experiencia dirigiu-me em dire\u00e7\u00e3o a novas esferas.\"\n\t\t\t\t\t\t\t\t\t\t\t\t\t\t\t\t\t\t\t\t\t\t\t\t\t\t\t<\/div>\n\t\t\t\t\t\t\t\t\t\t\t\t\t\t\t\t\t\t\t\t\t\t\t\t\t\t\t<div class=\"client-says-2\" >\n\t\t\t\t\t\t\t\t\t\t\t\t\t\t\t\t\t\t\t\t\t\t\t\t\t\t\t\t\t<div class=\"client-name\" style=\"margin-bottom: 2.5em;\">\n\t\t\t\t\t\t\t\t\t\t\t\t\t\t\t\t\t\t\t\t\t\t\t\t\t\t\t\t\t\t\t<i class=\"fa fa-user\"><\/i>Yves Weber, Empres\u00e1rio\n\t\t\t\t\t\t\t\t\t\t\t\t\t\t\t\t\t\t\t\t\t\t\t\t\t\t\t\t\t<\/div>\n\t\t\t\t\t\t\t\t\t\t\t\t\t\t\t\t\t\t\t\t\t\t\t\t\t\t\t<\/div><div class=\"client-says\" style=\"clear:both;\">\n\t\t\t\t\t\t\t\t\t\t\t\t\t\t\t\t\t\t\t\t\t\t\t\t\t\t\t\t\t\t\"Estar frente ao Miguel, \u00e9 estar em frente a uma pessoa aut\u00eantica e bondosa, que me deixou logo em confian\u00e7a.\r\nO coaching de Miguel permite sair da sua pr\u00f3pria perspetiva, e em algumas perguntas, multiplicar as possibilidades que nos s\u00e3o oferecidas.\r\nEle permitiu-me apontar medos que n\u00e3o tinham raz\u00e3o de ser e assim de avan\u00e7ar nas minhas ideias, nos meus projetos.\r\nParece que \u00e9 quando se \u00e9 apaixonado pelo que se faz, que se excede, no resultado? Attitude.lu\"\n\t\t\t\t\t\t\t\t\t\t\t\t\t\t\t\t\t\t\t\t\t\t\t\t\t\t\t<\/div>\n\t\t\t\t\t\t\t\t\t\t\t\t\t\t\t\t\t\t\t\t\t\t\t\t\t\t\t<div class=\"client-says-2\" >\n\t\t\t\t\t\t\t\t\t\t\t\t\t\t\t\t\t\t\t\t\t\t\t\t\t\t\t\t\t<div class=\"client-name\" style=\"margin-bottom: 2.5em;\">\n\t\t\t\t\t\t\t\t\t\t\t\t\t\t\t\t\t\t\t\t\t\t\t\t\t\t\t\t\t\t\t<i class=\"fa fa-user\"><\/i>Aline Weier, HR Manager Groupe Foyer\n\t\t\t\t\t\t\t\t\t\t\t\t\t\t\t\t\t\t\t\t\t\t\t\t\t\t\t\t\t<\/div>\n\t\t\t\t\t\t\t\t\t\t\t\t\t\t\t\t\t\t\t\t\t\t\t\t\t\t\t<\/div>[\/vc_column_text][\/vc_column][\/vc_row][vc_row][vc_column][\/vc_column][\/vc_row]<\/p>\n","protected":false},"excerpt":{"rendered":"<p>[vc_row][vc_column][vc_column_text] Testemunhos recentes [\/vc_column_text][vc_column_text][\/vc_column_text][\/vc_column][\/vc_row][vc_row][vc_column][\/vc_column][\/vc_row]<\/p>\n","protected":false},"author":2,"featured_media":0,"parent":4585,"menu_order":2,"comment_status":"closed","ping_status":"closed","template":"","meta":{"footnotes":""},"class_list":["post-4597","page","type-page","status-publish","hentry"],"yoast_head":"<!-- This site is optimized with the Yoast SEO plugin v26.8 - https:\/\/yoast.com\/product\/yoast-seo-wordpress\/ -->\n<title>T\u00e9moignages de personnes que j&#039;ai accompagn\u00e9 comme coach<\/title>\n<meta name=\"description\" content=\"T\u00e9moignages de personnes qui ont choisi de changer leurs vie en adoptant une attitude positive. Ils ont exprim\u00e9 leur avis sur attitude.lu sur cette page\" \/>\n<meta name=\"robots\" content=\"index, follow, max-snippet:-1, max-image-preview:large, max-video-preview:-1\" \/>\n<link rel=\"canonical\" href=\"https:\/\/www.attitude.lu\/pt-pt\/apresentacao\/testemunhos\/\" \/>\n<meta property=\"og:locale\" content=\"pt_PT\" \/>\n<meta property=\"og:type\" content=\"article\" \/>\n<meta property=\"og:title\" content=\"T\u00e9moignages de personnes que j&#039;ai accompagn\u00e9 comme coach\" \/>\n<meta property=\"og:description\" content=\"T\u00e9moignages de personnes qui ont choisi de changer leurs vie en adoptant une attitude positive. Ils ont exprim\u00e9 leur avis sur attitude.lu sur cette page\" \/>\n<meta property=\"og:url\" content=\"https:\/\/www.attitude.lu\/pt-pt\/apresentacao\/testemunhos\/\" \/>\n<meta property=\"og:site_name\" content=\"attitude.lu\" \/>\n<meta property=\"article:modified_time\" content=\"2016-12-19T16:56:17+00:00\" \/>\n<script type=\"application\/ld+json\" class=\"yoast-schema-graph\">{\"@context\":\"https:\/\/schema.org\",\"@graph\":[{\"@type\":\"WebPage\",\"@id\":\"https:\/\/www.attitude.lu\/pt-pt\/apresentacao\/testemunhos\/\",\"url\":\"https:\/\/www.attitude.lu\/pt-pt\/apresentacao\/testemunhos\/\",\"name\":\"T\u00e9moignages de personnes que j'ai accompagn\u00e9 comme coach\",\"isPartOf\":{\"@id\":\"https:\/\/www.attitude.lu\/#website\"},\"datePublished\":\"2016-12-06T10:53:25+00:00\",\"dateModified\":\"2016-12-19T16:56:17+00:00\",\"description\":\"T\u00e9moignages de personnes qui ont choisi de changer leurs vie en adoptant une attitude positive. Ils ont exprim\u00e9 leur avis sur attitude.lu sur cette page\",\"breadcrumb\":{\"@id\":\"https:\/\/www.attitude.lu\/pt-pt\/apresentacao\/testemunhos\/#breadcrumb\"},\"inLanguage\":\"pt-PT\",\"potentialAction\":[{\"@type\":\"ReadAction\",\"target\":[\"https:\/\/www.attitude.lu\/pt-pt\/apresentacao\/testemunhos\/\"]}]},{\"@type\":\"BreadcrumbList\",\"@id\":\"https:\/\/www.attitude.lu\/pt-pt\/apresentacao\/testemunhos\/#breadcrumb\",\"itemListElement\":[{\"@type\":\"ListItem\",\"position\":1,\"name\":\"Home\",\"item\":\"https:\/\/www.attitude.lu\/pt-pt\/\"},{\"@type\":\"ListItem\",\"position\":2,\"name\":\"Apresenta\u00e7\u00e3o\",\"item\":\"https:\/\/www.attitude.lu\/pt-pt\/apresentacao\/\"},{\"@type\":\"ListItem\",\"position\":3,\"name\":\"Testemunhos\"}]},{\"@type\":\"WebSite\",\"@id\":\"https:\/\/www.attitude.lu\/#website\",\"url\":\"https:\/\/www.attitude.lu\/\",\"name\":\"attitude.lu\",\"description\":\"vous accompage dans vos diff\u00e9rents objectifs\",\"potentialAction\":[{\"@type\":\"SearchAction\",\"target\":{\"@type\":\"EntryPoint\",\"urlTemplate\":\"https:\/\/www.attitude.lu\/?s={search_term_string}\"},\"query-input\":{\"@type\":\"PropertyValueSpecification\",\"valueRequired\":true,\"valueName\":\"search_term_string\"}}],\"inLanguage\":\"pt-PT\"}]}<\/script>\n<!-- \/ Yoast SEO plugin. -->","yoast_head_json":{"title":"T\u00e9moignages de personnes que j'ai accompagn\u00e9 comme coach","description":"T\u00e9moignages de personnes qui ont choisi de changer leurs vie en adoptant une attitude positive. Ils ont exprim\u00e9 leur avis sur attitude.lu sur cette page","robots":{"index":"index","follow":"follow","max-snippet":"max-snippet:-1","max-image-preview":"max-image-preview:large","max-video-preview":"max-video-preview:-1"},"canonical":"https:\/\/www.attitude.lu\/pt-pt\/apresentacao\/testemunhos\/","og_locale":"pt_PT","og_type":"article","og_title":"T\u00e9moignages de personnes que j'ai accompagn\u00e9 comme coach","og_description":"T\u00e9moignages de personnes qui ont choisi de changer leurs vie en adoptant une attitude positive. Ils ont exprim\u00e9 leur avis sur attitude.lu sur cette page","og_url":"https:\/\/www.attitude.lu\/pt-pt\/apresentacao\/testemunhos\/","og_site_name":"attitude.lu","article_modified_time":"2016-12-19T16:56:17+00:00","schema":{"@context":"https:\/\/schema.org","@graph":[{"@type":"WebPage","@id":"https:\/\/www.attitude.lu\/pt-pt\/apresentacao\/testemunhos\/","url":"https:\/\/www.attitude.lu\/pt-pt\/apresentacao\/testemunhos\/","name":"T\u00e9moignages de personnes que j'ai accompagn\u00e9 comme coach","isPartOf":{"@id":"https:\/\/www.attitude.lu\/#website"},"datePublished":"2016-12-06T10:53:25+00:00","dateModified":"2016-12-19T16:56:17+00:00","description":"T\u00e9moignages de personnes qui ont choisi de changer leurs vie en adoptant une attitude positive. Ils ont exprim\u00e9 leur avis sur attitude.lu sur cette page","breadcrumb":{"@id":"https:\/\/www.attitude.lu\/pt-pt\/apresentacao\/testemunhos\/#breadcrumb"},"inLanguage":"pt-PT","potentialAction":[{"@type":"ReadAction","target":["https:\/\/www.attitude.lu\/pt-pt\/apresentacao\/testemunhos\/"]}]},{"@type":"BreadcrumbList","@id":"https:\/\/www.attitude.lu\/pt-pt\/apresentacao\/testemunhos\/#breadcrumb","itemListElement":[{"@type":"ListItem","position":1,"name":"Home","item":"https:\/\/www.attitude.lu\/pt-pt\/"},{"@type":"ListItem","position":2,"name":"Apresenta\u00e7\u00e3o","item":"https:\/\/www.attitude.lu\/pt-pt\/apresentacao\/"},{"@type":"ListItem","position":3,"name":"Testemunhos"}]},{"@type":"WebSite","@id":"https:\/\/www.attitude.lu\/#website","url":"https:\/\/www.attitude.lu\/","name":"attitude.lu","description":"vous accompage dans vos diff\u00e9rents objectifs","potentialAction":[{"@type":"SearchAction","target":{"@type":"EntryPoint","urlTemplate":"https:\/\/www.attitude.lu\/?s={search_term_string}"},"query-input":{"@type":"PropertyValueSpecification","valueRequired":true,"valueName":"search_term_string"}}],"inLanguage":"pt-PT"}]}},"_links":{"self":[{"href":"https:\/\/www.attitude.lu\/pt-pt\/wp-json\/wp\/v2\/pages\/4597","targetHints":{"allow":["GET"]}}],"collection":[{"href":"https:\/\/www.attitude.lu\/pt-pt\/wp-json\/wp\/v2\/pages"}],"about":[{"href":"https:\/\/www.attitude.lu\/pt-pt\/wp-json\/wp\/v2\/types\/page"}],"author":[{"embeddable":true,"href":"https:\/\/www.attitude.lu\/pt-pt\/wp-json\/wp\/v2\/users\/2"}],"replies":[{"embeddable":true,"href":"https:\/\/www.attitude.lu\/pt-pt\/wp-json\/wp\/v2\/comments?post=4597"}],"version-history":[{"count":2,"href":"https:\/\/www.attitude.lu\/pt-pt\/wp-json\/wp\/v2\/pages\/4597\/revisions"}],"predecessor-version":[{"id":4710,"href":"https:\/\/www.attitude.lu\/pt-pt\/wp-json\/wp\/v2\/pages\/4597\/revisions\/4710"}],"up":[{"embeddable":true,"href":"https:\/\/www.attitude.lu\/pt-pt\/wp-json\/wp\/v2\/pages\/4585"}],"wp:attachment":[{"href":"https:\/\/www.attitude.lu\/pt-pt\/wp-json\/wp\/v2\/media?parent=4597"}],"curies":[{"name":"wp","href":"https:\/\/api.w.org\/{rel}","templated":true}]}}