{"id":4614,"date":"2014-06-24T13:28:10","date_gmt":"2014-06-24T11:28:10","guid":{"rendered":"http:\/\/www.attitude.lu\/pourquoi-un-coach\/"},"modified":"2017-02-04T11:44:58","modified_gmt":"2017-02-04T10:44:58","slug":"porque-um-coach","status":"publish","type":"page","link":"https:\/\/www.attitude.lu\/pt-pt\/porque-um-coach\/","title":{"rendered":"Porqu\u00ea um coach\u00a0?"},"content":{"rendered":"<p>[vc_row][vc_column width=&#8221;1\/2&#8243;][vc_single_image image=&#8221;4744&#8243; img_size=&#8221;medium&#8221; css_animation=&#8221;appear&#8221;][\/vc_column][vc_column width=&#8221;1\/2&#8243;][vc_toggle title=&#8221;Para que serve o coaching de vida?&#8221;]O coaching de vida \u00e9 uma din\u00e2mica relacional que se estabelece entre o coach e o cliente, e que permite <strong>desenvolver\u00a0a sua\u00a0confian\u00e7a<\/strong> em si, de trabalhar sobre a <strong>autoestima<\/strong>, de <strong>otimizar<\/strong>\u00a0os seus\u00a0<strong>talentos<\/strong>\u00a0e suas <strong>compet\u00eancias<\/strong> com o objetivo de chegar ao caminho do sucesso e de prosperar.<\/p>\n<p>O coaching de vida \u00e9 utilizado para <strong>atingir objetivos<\/strong>\u00a0tais como:<\/p>\n<ul>\n<li>Desenvolver a confian\u00e7a em si e na vida em geral<\/li>\n<li>Desenvolver a sua autoestima<\/li>\n<li>Identificar os seus talentos e os seus pontos fortes e otimiz\u00e1-los<\/li>\n<li>Fazer o ponto sobre uma situa\u00e7\u00e3o dada<\/li>\n<li>Encontrar solu\u00e7\u00f5es\/op\u00e7\u00f5es<\/li>\n<li>Fazer escolhas<\/li>\n<li>Harmonizar os diversos setores da sua vida<\/li>\n<li>Melhor gerir as suas emo\u00e7\u00f5es e o stress<\/li>\n<li>Mudar um comportamento (saber dizer \u201csim\u201d ou \u201cn\u00e3o\u201d segundo o seu sentimento)<\/li>\n<li>Aumentar os seus desempenhos<\/li>\n<li>Definir objetivos\/projetos e um plano de a\u00e7\u00f5es<\/li>\n<li>Ultrapassar cren\u00e7as limitantes<\/li>\n<li>Resolver um conflito familiar\/profissional<\/li>\n<li>Ousar agir segundo o cora\u00e7\u00e3o<\/li>\n<li>Colocar alegria no seu quotidiano<\/li>\n<\/ul>\n<p>[\/vc_toggle][vc_toggle title=&#8221;Para que serve o coaching profissional ?&#8221;]O\u00a0<strong>coach profissional<\/strong>\u00a0favorece a <strong>melhoria dos desempenhos<\/strong>, individuais ou coletivos, mas tamb\u00e9m a <strong>revela\u00e7\u00e3o do potencial escondido<\/strong> de cada um e a sua utiliza\u00e7\u00e3o. O\u00a0coach profissional <strong>acompanha na realiza\u00e7\u00e3o das escolhas<\/strong>, na <strong>emerg\u00eancia das prioridades<\/strong> gra\u00e7as ao estabelecimento da coer\u00eancia dos\u00a0<strong>valores<\/strong> pessoais e coletivos.<br \/>\nO coaching profissional \u00e9 utilizado para atingir objetivos tais como:<\/p>\n<ul>\n<li>Aumentar a coes\u00e3o das equipas<\/li>\n<li>Clarificar os objetivos<\/li>\n<li>Desenvolver os potenciais da equipa (e gerir os pontos fracos da equipa)<\/li>\n<li>Desenvolver a sinergia<\/li>\n<li>Clarificar a vis\u00e3o e ajudar a explorar a boa estrat\u00e9gia de desenvolvimento da empresa<\/li>\n<li>Desenvolver a lideran\u00e7a para ser melhor respeitado<\/li>\n<li>Encontrar a postura certa de dirigente ou gerente de modo a estabelecer a sua legitimidade<\/li>\n<li>Fazer face \u00e0 mudan\u00e7a interna que transforma uma organiza\u00e7\u00e3o hier\u00e1rquica em organiza\u00e7\u00e3o transversal<\/li>\n<li>Gerir a solid\u00e3o do dirigente que se encontra sozinho nos comandos do navio<\/li>\n<\/ul>\n<p>[\/vc_toggle][vc_toggle title=&#8221;Para que serve o coaching de excel\u00eancia?&#8221;]Trata-se de ganhar em conforto e em eleg\u00e2ncia na a\u00e7\u00e3o, libertar todo o seu potencial e exprimir plenamente os seus talentos. O coaching ajud\u00e1-lo-\u00e1 a transformar os desafios em oportunidades em todos os dom\u00ednios da sua vida de modo a vingar no seu desporto, na escola, na sua profiss\u00e3o e nas suas rela\u00e7\u00f5es. Ajudo-o a concentrar os seus esfor\u00e7os de modo a subir o n\u00edvel e a const\u00e2ncia do seu desempenho. Atrav\u00e9s do coaching de excel\u00eancia aprende a ver que controla o seu pr\u00f3prio destino atrav\u00e9s das suas decis\u00f5es e das suas a\u00e7\u00f5es.[\/vc_toggle][\/vc_column][\/vc_row][vc_row][vc_column]<div class=\"space\"><\/div>[vc_column_text]<\/p>\n<ul>\n<li>Um coach pode trazer apoio no\u00a0<strong>desenvolvimento<\/strong>\u00a0dos seus\u00a0<strong>potenciais<\/strong>, dos seus\u00a0<strong>know-how<\/strong><em>\u00a0e acompanha-o em dire\u00e7\u00e3o aos seus\u00a0<strong>objetivos<\/strong>\u00a0privados ou profissionais.<\/em><\/li>\n<li>Um coach pode ajud\u00e1-lo a encontrar as suas pr\u00f3prias\u00a0<strong>solu\u00e7\u00f5es<\/strong>\u00a0de forma a ultrapassar os seus obst\u00e1culos e no conjunto construir o percurso que o levar\u00e1 ao <strong>sucesso\u00a0final<\/strong>.<\/li>\n<\/ul>\n<p>[\/vc_column_text]<div class=\"space\"><\/div>[vc_column_text]<\/p>\n<h2>Defini\u00e7\u00e3o dos termos coaching<\/h2>\n<p style=\"text-align: left;\"><em>\u00ab O coaching define-se geralmente como o acompanhamento de uma pessoa destinada a favorecer uma melhor express\u00e3o das suas qualidades, dos seus recursos ou das suas compet\u00eancias \u00bb<\/em><\/p>\n<p style=\"text-align: right;\">Gilles Alexandre, em <em>Allouche<\/em> (2003)<\/p>\n<h2 style=\"text-align: left;\">Em que se baseia o coaching de vida?<\/h2>\n<p style=\"text-align: left;\">O coaching de vida \u00e9 um processo de acompanhamento baseado na escuta e no questionar que favorece a <strong>tomada de consci\u00eancia<\/strong>\u00a0por uma pessoa do seu mundo de funcionamento. Essa reflex\u00e3o permite a clarifica\u00e7\u00e3o dos seus objetivos \u2013 quer seja no plano pessoal, profissional ou familiar \u2013 e de encontrar as suas pr\u00f3prias solu\u00e7\u00f5es aos seus problemas em toda a autonomia. \u00c9 um exerc\u00edcio de reflex\u00e3o em profundeza que permite ao indiv\u00edduo colocar-se no centro da sua vida, pois \u00e9 ele pr\u00f3prio o primeiro respons\u00e1vel dos resultados que obt\u00e9m.<\/p>\n<p style=\"text-align: left;\">Enquanto milh\u00f5es de euros s\u00e3o investidos na publicidade de uma sociedade de modo a subir a sua imagem de marca, um \u00fanico empregado pode arrebatar toda esta boa inten\u00e7\u00e3o pela sua atitude negativa.<\/p>\n<p>[\/vc_column_text]<div class=\"space50\"><\/div>[\/vc_column][\/vc_row]<\/p>\n","protected":false},"excerpt":{"rendered":"<p>[vc_row][vc_column width=&#8221;1\/2&#8243;][vc_single_image image=&#8221;4744&#8243; img_size=&#8221;medium&#8221; css_animation=&#8221;appear&#8221;][\/vc_column][vc_column width=&#8221;1\/2&#8243;][vc_toggle title=&#8221;Para que serve o<\/p>\n","protected":false},"author":2,"featured_media":0,"parent":0,"menu_order":-800,"comment_status":"closed","ping_status":"closed","template":"right-sidebar.php","meta":{"footnotes":""},"class_list":["post-4614","page","type-page","status-publish","hentry"],"yoast_head":"<!-- This site is optimized with the Yoast SEO plugin v26.8 - https:\/\/yoast.com\/product\/yoast-seo-wordpress\/ -->\n<title>Porqu\u00ea um coach\u00a0? - attitude.lu<\/title>\n<meta name=\"description\" content=\"Le coaching de vie est un processus d\u2019accompagnement bas\u00e9 sur l\u2019\u00e9coute et le questionnement qui favorise la prise de conscience.\" \/>\n<meta name=\"robots\" content=\"index, follow, max-snippet:-1, max-image-preview:large, max-video-preview:-1\" \/>\n<link rel=\"canonical\" href=\"https:\/\/www.attitude.lu\/pt-pt\/porque-um-coach\/\" \/>\n<meta property=\"og:locale\" content=\"pt_PT\" \/>\n<meta property=\"og:type\" content=\"article\" \/>\n<meta property=\"og:title\" content=\"Porqu\u00ea um coach\u00a0? - attitude.lu\" \/>\n<meta property=\"og:description\" content=\"Le coaching de vie est un processus d\u2019accompagnement bas\u00e9 sur l\u2019\u00e9coute et le questionnement qui favorise la prise de conscience.\" \/>\n<meta property=\"og:url\" content=\"https:\/\/www.attitude.lu\/pt-pt\/porque-um-coach\/\" \/>\n<meta property=\"og:site_name\" content=\"attitude.lu\" \/>\n<meta property=\"article:modified_time\" content=\"2017-02-04T10:44:58+00:00\" \/>\n<meta name=\"twitter:label1\" content=\"Tempo estimado de leitura\" \/>\n\t<meta name=\"twitter:data1\" content=\"4 minutos\" \/>\n<script type=\"application\/ld+json\" class=\"yoast-schema-graph\">{\"@context\":\"https:\/\/schema.org\",\"@graph\":[{\"@type\":\"WebPage\",\"@id\":\"https:\/\/www.attitude.lu\/pt-pt\/porque-um-coach\/\",\"url\":\"https:\/\/www.attitude.lu\/pt-pt\/porque-um-coach\/\",\"name\":\"Porqu\u00ea um coach\u00a0? - attitude.lu\",\"isPartOf\":{\"@id\":\"https:\/\/www.attitude.lu\/#website\"},\"datePublished\":\"2014-06-24T11:28:10+00:00\",\"dateModified\":\"2017-02-04T10:44:58+00:00\",\"description\":\"Le coaching de vie est un processus d\u2019accompagnement bas\u00e9 sur l\u2019\u00e9coute et le questionnement qui favorise la prise de conscience.\",\"breadcrumb\":{\"@id\":\"https:\/\/www.attitude.lu\/pt-pt\/porque-um-coach\/#breadcrumb\"},\"inLanguage\":\"pt-PT\",\"potentialAction\":[{\"@type\":\"ReadAction\",\"target\":[\"https:\/\/www.attitude.lu\/pt-pt\/porque-um-coach\/\"]}]},{\"@type\":\"BreadcrumbList\",\"@id\":\"https:\/\/www.attitude.lu\/pt-pt\/porque-um-coach\/#breadcrumb\",\"itemListElement\":[{\"@type\":\"ListItem\",\"position\":1,\"name\":\"Home\",\"item\":\"https:\/\/www.attitude.lu\/pt-pt\/\"},{\"@type\":\"ListItem\",\"position\":2,\"name\":\"Porqu\u00ea um coach\u00a0?\"}]},{\"@type\":\"WebSite\",\"@id\":\"https:\/\/www.attitude.lu\/#website\",\"url\":\"https:\/\/www.attitude.lu\/\",\"name\":\"attitude.lu\",\"description\":\"vous accompage dans vos diff\u00e9rents objectifs\",\"potentialAction\":[{\"@type\":\"SearchAction\",\"target\":{\"@type\":\"EntryPoint\",\"urlTemplate\":\"https:\/\/www.attitude.lu\/?s={search_term_string}\"},\"query-input\":{\"@type\":\"PropertyValueSpecification\",\"valueRequired\":true,\"valueName\":\"search_term_string\"}}],\"inLanguage\":\"pt-PT\"}]}<\/script>\n<!-- \/ Yoast SEO plugin. -->","yoast_head_json":{"title":"Porqu\u00ea um coach\u00a0? - attitude.lu","description":"Le coaching de vie est un processus d\u2019accompagnement bas\u00e9 sur l\u2019\u00e9coute et le questionnement qui favorise la prise de conscience.","robots":{"index":"index","follow":"follow","max-snippet":"max-snippet:-1","max-image-preview":"max-image-preview:large","max-video-preview":"max-video-preview:-1"},"canonical":"https:\/\/www.attitude.lu\/pt-pt\/porque-um-coach\/","og_locale":"pt_PT","og_type":"article","og_title":"Porqu\u00ea um coach\u00a0? - attitude.lu","og_description":"Le coaching de vie est un processus d\u2019accompagnement bas\u00e9 sur l\u2019\u00e9coute et le questionnement qui favorise la prise de conscience.","og_url":"https:\/\/www.attitude.lu\/pt-pt\/porque-um-coach\/","og_site_name":"attitude.lu","article_modified_time":"2017-02-04T10:44:58+00:00","twitter_misc":{"Tempo estimado de leitura":"4 minutos"},"schema":{"@context":"https:\/\/schema.org","@graph":[{"@type":"WebPage","@id":"https:\/\/www.attitude.lu\/pt-pt\/porque-um-coach\/","url":"https:\/\/www.attitude.lu\/pt-pt\/porque-um-coach\/","name":"Porqu\u00ea um coach\u00a0? - attitude.lu","isPartOf":{"@id":"https:\/\/www.attitude.lu\/#website"},"datePublished":"2014-06-24T11:28:10+00:00","dateModified":"2017-02-04T10:44:58+00:00","description":"Le coaching de vie est un processus d\u2019accompagnement bas\u00e9 sur l\u2019\u00e9coute et le questionnement qui favorise la prise de conscience.","breadcrumb":{"@id":"https:\/\/www.attitude.lu\/pt-pt\/porque-um-coach\/#breadcrumb"},"inLanguage":"pt-PT","potentialAction":[{"@type":"ReadAction","target":["https:\/\/www.attitude.lu\/pt-pt\/porque-um-coach\/"]}]},{"@type":"BreadcrumbList","@id":"https:\/\/www.attitude.lu\/pt-pt\/porque-um-coach\/#breadcrumb","itemListElement":[{"@type":"ListItem","position":1,"name":"Home","item":"https:\/\/www.attitude.lu\/pt-pt\/"},{"@type":"ListItem","position":2,"name":"Porqu\u00ea um coach\u00a0?"}]},{"@type":"WebSite","@id":"https:\/\/www.attitude.lu\/#website","url":"https:\/\/www.attitude.lu\/","name":"attitude.lu","description":"vous accompage dans vos diff\u00e9rents objectifs","potentialAction":[{"@type":"SearchAction","target":{"@type":"EntryPoint","urlTemplate":"https:\/\/www.attitude.lu\/?s={search_term_string}"},"query-input":{"@type":"PropertyValueSpecification","valueRequired":true,"valueName":"search_term_string"}}],"inLanguage":"pt-PT"}]}},"_links":{"self":[{"href":"https:\/\/www.attitude.lu\/pt-pt\/wp-json\/wp\/v2\/pages\/4614","targetHints":{"allow":["GET"]}}],"collection":[{"href":"https:\/\/www.attitude.lu\/pt-pt\/wp-json\/wp\/v2\/pages"}],"about":[{"href":"https:\/\/www.attitude.lu\/pt-pt\/wp-json\/wp\/v2\/types\/page"}],"author":[{"embeddable":true,"href":"https:\/\/www.attitude.lu\/pt-pt\/wp-json\/wp\/v2\/users\/2"}],"replies":[{"embeddable":true,"href":"https:\/\/www.attitude.lu\/pt-pt\/wp-json\/wp\/v2\/comments?post=4614"}],"version-history":[{"count":4,"href":"https:\/\/www.attitude.lu\/pt-pt\/wp-json\/wp\/v2\/pages\/4614\/revisions"}],"predecessor-version":[{"id":4751,"href":"https:\/\/www.attitude.lu\/pt-pt\/wp-json\/wp\/v2\/pages\/4614\/revisions\/4751"}],"wp:attachment":[{"href":"https:\/\/www.attitude.lu\/pt-pt\/wp-json\/wp\/v2\/media?parent=4614"}],"curies":[{"name":"wp","href":"https:\/\/api.w.org\/{rel}","templated":true}]}}