{"id":4620,"date":"2016-12-06T16:35:46","date_gmt":"2016-12-06T15:35:46","guid":{"rendered":"http:\/\/www.attitude.lu\/contact\/"},"modified":"2017-10-10T12:19:54","modified_gmt":"2017-10-10T10:19:54","slug":"contacto","status":"publish","type":"page","link":"https:\/\/www.attitude.lu\/pt-pt\/contacto\/","title":{"rendered":"Contacto"},"content":{"rendered":"<p>[vc_row][vc_column][vc_column_text]N\u00e3o hesite em contactar-nos para qualquer informa\u00e7\u00e3o complementar.[\/vc_column_text][\/vc_column][\/vc_row][vc_row][vc_column width=&#8221;1\/2&#8243;][vc_column_text css_animation=&#8221;top-to-bottom&#8221;]\n<div class=\"wpcf7 no-js\" id=\"wpcf7-f4762-o1\" lang=\"fr-FR\" dir=\"ltr\" data-wpcf7-id=\"4762\">\n<div class=\"screen-reader-response\"><p role=\"status\" aria-live=\"polite\" aria-atomic=\"true\"><\/p> <ul><\/ul><\/div>\n<form action=\"\/pt-pt\/wp-json\/wp\/v2\/pages\/4620#wpcf7-f4762-o1\" method=\"post\" class=\"wpcf7-form init\" aria-label=\"Formulaire de contact\" novalidate=\"novalidate\" data-status=\"init\">\n<fieldset class=\"hidden-fields-container\"><input type=\"hidden\" name=\"_wpcf7\" value=\"4762\" \/><input type=\"hidden\" name=\"_wpcf7_version\" value=\"6.1.5\" \/><input type=\"hidden\" name=\"_wpcf7_locale\" value=\"fr_FR\" \/><input type=\"hidden\" name=\"_wpcf7_unit_tag\" value=\"wpcf7-f4762-o1\" \/><input type=\"hidden\" name=\"_wpcf7_container_post\" value=\"0\" \/><input type=\"hidden\" name=\"_wpcf7_posted_data_hash\" value=\"\" \/><input type=\"hidden\" name=\"_wpcf7dtx_version\" value=\"5.0.5\" \/><input type=\"hidden\" name=\"_wpcf7_recaptcha_response\" value=\"\" \/>\n<\/fieldset>\n<div class=\"screen-reader-response\">\n\t<p role=\"status\">\n\t<\/p>\n<\/div>\n<p><label> O seu nome *<br \/>\n<span class=\"wpcf7-form-control-wrap\" data-name=\"your-name\"><input size=\"40\" maxlength=\"400\" class=\"wpcf7-form-control wpcf7-text wpcf7-validates-as-required\" aria-required=\"true\" aria-invalid=\"false\" value=\"\" type=\"text\" name=\"your-name\" \/><\/span> <\/label>\n<\/p>\n<p><label> O seu email *<br \/>\n<span class=\"wpcf7-form-control-wrap\" data-name=\"your-email\"><input size=\"40\" maxlength=\"400\" class=\"wpcf7-form-control wpcf7-email wpcf7-validates-as-required wpcf7-text wpcf7-validates-as-email\" aria-required=\"true\" aria-invalid=\"false\" value=\"\" type=\"email\" name=\"your-email\" \/><\/span> <\/label>\n<\/p>\n<p><label> O seu telefone<br \/>\n<span class=\"wpcf7-form-control-wrap\" data-name=\"your-phone\"><input size=\"40\" maxlength=\"400\" class=\"wpcf7-form-control wpcf7-text\" aria-invalid=\"false\" value=\"\" type=\"text\" name=\"your-phone\" \/><\/span> <\/label>\n<\/p>\n<p><label> A sua mensagem<br \/>\n<span class=\"wpcf7-form-control-wrap\" data-name=\"your-message\"><textarea cols=\"40\" rows=\"10\" maxlength=\"2000\" class=\"wpcf7-form-control wpcf7-textarea\" aria-invalid=\"false\" name=\"your-message\"><\/textarea><\/span> <\/label>\n<\/p>\n\n<p><input class=\"wpcf7-form-control wpcf7-submit has-spinner\" type=\"submit\" value=\"Enviar\" \/>\n<\/p><div class=\"wpcf7-response-output\" aria-hidden=\"true\"><\/div>\n<\/form>\n<\/div>\n[\/vc_column_text][\/vc_column][vc_column width=&#8221;1\/2&#8243;][\/vc_column][\/vc_row]<\/p>\n","protected":false},"excerpt":{"rendered":"<p>[vc_row][vc_column][vc_column_text]N\u00e3o hesite em contactar-nos para qualquer informa\u00e7\u00e3o complementar.[\/vc_column_text][\/vc_column][\/vc_row][vc_row][vc_column width=&#8221;1\/2&#8243;][vc_column_text css_animation=&#8221;top-to-bottom&#8221;][\/vc_column_text][\/vc_column][vc_column<\/p>\n","protected":false},"author":2,"featured_media":0,"parent":0,"menu_order":-600,"comment_status":"closed","ping_status":"closed","template":"right-sidebar.php","meta":{"footnotes":""},"class_list":["post-4620","page","type-page","status-publish","hentry"],"yoast_head":"<!-- This site is optimized with the Yoast SEO plugin v26.8 - https:\/\/yoast.com\/product\/yoast-seo-wordpress\/ -->\n<title>Contacto - attitude.lu<\/title>\n<meta name=\"robots\" content=\"index, follow, max-snippet:-1, max-image-preview:large, max-video-preview:-1\" \/>\n<link rel=\"canonical\" href=\"https:\/\/www.attitude.lu\/pt-pt\/contacto\/\" \/>\n<meta property=\"og:locale\" content=\"pt_PT\" \/>\n<meta property=\"og:type\" content=\"article\" \/>\n<meta property=\"og:title\" content=\"Contacto - attitude.lu\" \/>\n<meta property=\"og:description\" content=\"[vc_row][vc_column][vc_column_text]N\u00e3o hesite em contactar-nos para qualquer informa\u00e7\u00e3o complementar.[\/vc_column_text][\/vc_column][\/vc_row][vc_row][vc_column width=&#8221;1\/2&#8243;][vc_column_text css_animation=&#8221;top-to-bottom&#8221;][\/vc_column_text][\/vc_column][vc_column\" \/>\n<meta property=\"og:url\" content=\"https:\/\/www.attitude.lu\/pt-pt\/contacto\/\" \/>\n<meta property=\"og:site_name\" content=\"attitude.lu\" \/>\n<meta property=\"article:modified_time\" content=\"2017-10-10T10:19:54+00:00\" \/>\n<script type=\"application\/ld+json\" class=\"yoast-schema-graph\">{\"@context\":\"https:\/\/schema.org\",\"@graph\":[{\"@type\":\"WebPage\",\"@id\":\"https:\/\/www.attitude.lu\/pt-pt\/contacto\/\",\"url\":\"https:\/\/www.attitude.lu\/pt-pt\/contacto\/\",\"name\":\"Contacto - attitude.lu\",\"isPartOf\":{\"@id\":\"https:\/\/www.attitude.lu\/#website\"},\"datePublished\":\"2016-12-06T15:35:46+00:00\",\"dateModified\":\"2017-10-10T10:19:54+00:00\",\"breadcrumb\":{\"@id\":\"https:\/\/www.attitude.lu\/pt-pt\/contacto\/#breadcrumb\"},\"inLanguage\":\"pt-PT\",\"potentialAction\":[{\"@type\":\"ReadAction\",\"target\":[\"https:\/\/www.attitude.lu\/pt-pt\/contacto\/\"]}]},{\"@type\":\"BreadcrumbList\",\"@id\":\"https:\/\/www.attitude.lu\/pt-pt\/contacto\/#breadcrumb\",\"itemListElement\":[{\"@type\":\"ListItem\",\"position\":1,\"name\":\"Home\",\"item\":\"https:\/\/www.attitude.lu\/pt-pt\/\"},{\"@type\":\"ListItem\",\"position\":2,\"name\":\"Contacto\"}]},{\"@type\":\"WebSite\",\"@id\":\"https:\/\/www.attitude.lu\/#website\",\"url\":\"https:\/\/www.attitude.lu\/\",\"name\":\"attitude.lu\",\"description\":\"vous accompage dans vos diff\u00e9rents objectifs\",\"potentialAction\":[{\"@type\":\"SearchAction\",\"target\":{\"@type\":\"EntryPoint\",\"urlTemplate\":\"https:\/\/www.attitude.lu\/?s={search_term_string}\"},\"query-input\":{\"@type\":\"PropertyValueSpecification\",\"valueRequired\":true,\"valueName\":\"search_term_string\"}}],\"inLanguage\":\"pt-PT\"}]}<\/script>\n<!-- \/ Yoast SEO plugin. -->","yoast_head_json":{"title":"Contacto - attitude.lu","robots":{"index":"index","follow":"follow","max-snippet":"max-snippet:-1","max-image-preview":"max-image-preview:large","max-video-preview":"max-video-preview:-1"},"canonical":"https:\/\/www.attitude.lu\/pt-pt\/contacto\/","og_locale":"pt_PT","og_type":"article","og_title":"Contacto - attitude.lu","og_description":"[vc_row][vc_column][vc_column_text]N\u00e3o hesite em contactar-nos para qualquer informa\u00e7\u00e3o complementar.[\/vc_column_text][\/vc_column][\/vc_row][vc_row][vc_column width=&#8221;1\/2&#8243;][vc_column_text css_animation=&#8221;top-to-bottom&#8221;][\/vc_column_text][\/vc_column][vc_column","og_url":"https:\/\/www.attitude.lu\/pt-pt\/contacto\/","og_site_name":"attitude.lu","article_modified_time":"2017-10-10T10:19:54+00:00","schema":{"@context":"https:\/\/schema.org","@graph":[{"@type":"WebPage","@id":"https:\/\/www.attitude.lu\/pt-pt\/contacto\/","url":"https:\/\/www.attitude.lu\/pt-pt\/contacto\/","name":"Contacto - attitude.lu","isPartOf":{"@id":"https:\/\/www.attitude.lu\/#website"},"datePublished":"2016-12-06T15:35:46+00:00","dateModified":"2017-10-10T10:19:54+00:00","breadcrumb":{"@id":"https:\/\/www.attitude.lu\/pt-pt\/contacto\/#breadcrumb"},"inLanguage":"pt-PT","potentialAction":[{"@type":"ReadAction","target":["https:\/\/www.attitude.lu\/pt-pt\/contacto\/"]}]},{"@type":"BreadcrumbList","@id":"https:\/\/www.attitude.lu\/pt-pt\/contacto\/#breadcrumb","itemListElement":[{"@type":"ListItem","position":1,"name":"Home","item":"https:\/\/www.attitude.lu\/pt-pt\/"},{"@type":"ListItem","position":2,"name":"Contacto"}]},{"@type":"WebSite","@id":"https:\/\/www.attitude.lu\/#website","url":"https:\/\/www.attitude.lu\/","name":"attitude.lu","description":"vous accompage dans vos diff\u00e9rents objectifs","potentialAction":[{"@type":"SearchAction","target":{"@type":"EntryPoint","urlTemplate":"https:\/\/www.attitude.lu\/?s={search_term_string}"},"query-input":{"@type":"PropertyValueSpecification","valueRequired":true,"valueName":"search_term_string"}}],"inLanguage":"pt-PT"}]}},"_links":{"self":[{"href":"https:\/\/www.attitude.lu\/pt-pt\/wp-json\/wp\/v2\/pages\/4620","targetHints":{"allow":["GET"]}}],"collection":[{"href":"https:\/\/www.attitude.lu\/pt-pt\/wp-json\/wp\/v2\/pages"}],"about":[{"href":"https:\/\/www.attitude.lu\/pt-pt\/wp-json\/wp\/v2\/types\/page"}],"author":[{"embeddable":true,"href":"https:\/\/www.attitude.lu\/pt-pt\/wp-json\/wp\/v2\/users\/2"}],"replies":[{"embeddable":true,"href":"https:\/\/www.attitude.lu\/pt-pt\/wp-json\/wp\/v2\/comments?post=4620"}],"version-history":[{"count":3,"href":"https:\/\/www.attitude.lu\/pt-pt\/wp-json\/wp\/v2\/pages\/4620\/revisions"}],"predecessor-version":[{"id":4763,"href":"https:\/\/www.attitude.lu\/pt-pt\/wp-json\/wp\/v2\/pages\/4620\/revisions\/4763"}],"wp:attachment":[{"href":"https:\/\/www.attitude.lu\/pt-pt\/wp-json\/wp\/v2\/media?parent=4620"}],"curies":[{"name":"wp","href":"https:\/\/api.w.org\/{rel}","templated":true}]}}