{"id":4627,"date":"2014-07-03T16:45:08","date_gmt":"2014-07-03T14:45:08","guid":{"rendered":"http:\/\/www.attitude.lu\/nos-services\/"},"modified":"2016-12-07T11:20:44","modified_gmt":"2016-12-07T10:20:44","slug":"os-nossos-servicos","status":"publish","type":"page","link":"https:\/\/www.attitude.lu\/pt-pt\/os-nossos-servicos\/","title":{"rendered":"Os nossos servi\u00e7os"},"content":{"rendered":"<p>[vc_row][vc_column width=&#8221;1\/3&#8243;]<a class=\"bb-link\" href=\"http:\/\/www.attitude.lu\/pt-pt\/servi\u00e7os\/coaching-de-vida\/\" target=\"\">\n<div class=\"banner-block  banner-style11 \"  data-animation=\"\" data-animation-delay=\"03\" style=\"\">\n\t<img decoding=\"async\" src=\"https:\/\/www.attitude.lu\/wp-content\/uploads\/2014\/07\/Attitude_services_coach-de-vie2.jpg\" alt=\"Coaching de Vida\">\n\t<h3 class=\"title- bb-top-title\" style=\"background:#c1cd23;\">Coaching de Vida<\/h3>\n\t<div class=\"mask -background\">\n\t\t<p class=\"bb-description\"><\/p>\n\t<\/div>\n<\/div><\/a>[vc_column_text css_animation=&#8221;top-to-bottom&#8221;]<\/p>\n<ul>\n<li>\n<h4>Impulsar a sua confian\u00e7a em si<\/h4>\n<\/li>\n<li>\n<h4>Desenvolver a autoestima<\/h4>\n<\/li>\n<li>\n<h4>Compreender e ultrapassar os seus medos<\/h4>\n<\/li>\n<li>\n<h4>Transformar a sua vida<\/h4>\n<\/li>\n<li>\n<h4>Porqu\u00ea e como perdoar?<\/h4>\n<\/li>\n<\/ul>\n<p style=\"text-align: center;\"><a title=\"Coaching de Vie\" href=\"http:\/\/www.attitude.lu\/pt-pt\/servi%C3%A7os\/coaching-de-vida\/\">Ler mais &gt;&gt;<\/a><\/p>\n<p>[\/vc_column_text]<div class=\"space\"><\/div>[\/vc_column][vc_column width=&#8221;1\/3&#8243;]<a class=\"bb-link\" href=\"http:\/\/www.attitude.lu\/pt-pt\/servi\u00e7os\/coaching-de-empresas\/\" target=\"\">\n<div class=\"banner-block  banner-style11 \"  data-animation=\"\" data-animation-delay=\"03\" style=\"\">\n\t<img decoding=\"async\" src=\"https:\/\/www.attitude.lu\/wp-content\/uploads\/2014\/04\/origin_11123538363-1024x682.jpg\" alt=\"Coaching de Empresas\">\n\t<h3 class=\"title- bb-top-title\" style=\"background:#c1cd23;\">Coaching de Empresas<\/h3>\n\t<div class=\"mask -background\">\n\t\t<p class=\"bb-description\"><\/p>\n\t<\/div>\n<\/div><\/a>[vc_column_text css_animation=&#8221;top-to-bottom&#8221;]<\/p>\n<ul>\n<li>\n<h4>Consolidar e otimizar as compet\u00eancias das suas equipas<\/h4>\n<\/li>\n<li>\n<h4>Fazer face a uma problem\u00e1tica<\/h4>\n<\/li>\n<li>\n<h4>Fazer ouvir a sua voz<\/h4>\n<\/li>\n<li>\n<h4>Gerir as emo\u00e7\u00f5es e o stress<\/h4>\n<\/li>\n<\/ul>\n<p style=\"text-align: center;\"><a title=\"Coaching d'Enterprises\" href=\"http:\/\/www.attitude.lu\/pt-pt\/servi%C3%A7os\/coaching-de-empresas\/\">Ler mais &gt;&gt;<\/a><\/p>\n<p>[\/vc_column_text]<div class=\"space\"><\/div>[\/vc_column][vc_column width=&#8221;1\/3&#8243;]<a class=\"bb-link\" href=\"http:\/\/www.attitude.lu\/pt-pt\/servi\u00e7os\/coaching-de-excelencia\/\" target=\"\">\n<div class=\"banner-block  banner-style11 \"  data-animation=\"\" data-animation-delay=\"03\" style=\"\">\n\t<img decoding=\"async\" src=\"https:\/\/www.attitude.lu\/wp-content\/uploads\/2014\/07\/Personal-consultation-for-Inevitable-Success800x533.jpg\" alt=\"Coaching de Excel\u00eancia\">\n\t<h3 class=\"title- bb-top-title\" style=\"background:#c1cd23;\">Coaching de Excel\u00eancia<\/h3>\n\t<div class=\"mask -background\">\n\t\t<p class=\"bb-description\"><\/p>\n\t<\/div>\n<\/div><\/a>[vc_column_text css_animation=&#8221;top-to-bottom&#8221;]<\/p>\n<ul>\n<li>\n<h4>Libertar o seu potencial<\/h4>\n<\/li>\n<li>\n<h4>Ultrapassar-se mentalmente<\/h4>\n<\/li>\n<li>\n<h4>Ultrapassar as cren\u00e7as limitantes<\/h4>\n<\/li>\n<li>\n<h4>Melhorar o seu desempenho<\/h4>\n<\/li>\n<li>\n<h4>Torne-se num bom orador<\/h4>\n<\/li>\n<\/ul>\n<p style=\"text-align: center;\"><a title=\"Coaching d'Excellence\" href=\"http:\/\/www.attitude.lu\/pt-pt\/servi%C3%A7os\/coaching-de-excelencia\/\">Ler mais &gt;&gt;<\/a><\/p>\n<p>[\/vc_column_text]<div class=\"space\"><\/div>[\/vc_column][\/vc_row]<\/p>\n","protected":false},"excerpt":{"rendered":"<p>[vc_row][vc_column width=&#8221;1\/3&#8243;][vc_column_text css_animation=&#8221;top-to-bottom&#8221;] Impulsar a sua confian\u00e7a em si Desenvolver<\/p>\n","protected":false},"author":2,"featured_media":0,"parent":0,"menu_order":-700,"comment_status":"closed","ping_status":"closed","template":"right-sidebar.php","meta":{"footnotes":""},"class_list":["post-4627","page","type-page","status-publish","hentry"],"yoast_head":"<!-- This site is optimized with the Yoast SEO plugin v26.8 - https:\/\/yoast.com\/product\/yoast-seo-wordpress\/ -->\n<title>Attitude.lu r\u00e9v\u00e9lateur de votre potentiel<\/title>\n<meta name=\"description\" content=\"Elle nous permet de progresser et de r\u00e9ussir. Une faible estime de soi ce traduit par des doutes, l\u2019h\u00e9sitation...\" \/>\n<meta name=\"robots\" content=\"index, follow, max-snippet:-1, max-image-preview:large, max-video-preview:-1\" \/>\n<link rel=\"canonical\" href=\"https:\/\/www.attitude.lu\/pt-pt\/os-nossos-servicos\/\" \/>\n<meta property=\"og:locale\" content=\"pt_PT\" \/>\n<meta property=\"og:type\" content=\"article\" \/>\n<meta property=\"og:title\" content=\"Attitude.lu r\u00e9v\u00e9lateur de votre potentiel\" \/>\n<meta property=\"og:description\" content=\"Elle nous permet de progresser et de r\u00e9ussir. Une faible estime de soi ce traduit par des doutes, l\u2019h\u00e9sitation...\" \/>\n<meta property=\"og:url\" content=\"https:\/\/www.attitude.lu\/pt-pt\/os-nossos-servicos\/\" \/>\n<meta property=\"og:site_name\" content=\"attitude.lu\" \/>\n<meta property=\"article:modified_time\" content=\"2016-12-07T10:20:44+00:00\" \/>\n<meta name=\"twitter:label1\" content=\"Tempo estimado de leitura\" \/>\n\t<meta name=\"twitter:data1\" content=\"1 minuto\" \/>\n<script type=\"application\/ld+json\" class=\"yoast-schema-graph\">{\"@context\":\"https:\/\/schema.org\",\"@graph\":[{\"@type\":\"WebPage\",\"@id\":\"https:\/\/www.attitude.lu\/pt-pt\/os-nossos-servicos\/\",\"url\":\"https:\/\/www.attitude.lu\/pt-pt\/os-nossos-servicos\/\",\"name\":\"Attitude.lu r\u00e9v\u00e9lateur de votre potentiel\",\"isPartOf\":{\"@id\":\"https:\/\/www.attitude.lu\/#website\"},\"datePublished\":\"2014-07-03T14:45:08+00:00\",\"dateModified\":\"2016-12-07T10:20:44+00:00\",\"description\":\"Elle nous permet de progresser et de r\u00e9ussir. Une faible estime de soi ce traduit par des doutes, l\u2019h\u00e9sitation...\",\"breadcrumb\":{\"@id\":\"https:\/\/www.attitude.lu\/pt-pt\/os-nossos-servicos\/#breadcrumb\"},\"inLanguage\":\"pt-PT\",\"potentialAction\":[{\"@type\":\"ReadAction\",\"target\":[\"https:\/\/www.attitude.lu\/pt-pt\/os-nossos-servicos\/\"]}]},{\"@type\":\"BreadcrumbList\",\"@id\":\"https:\/\/www.attitude.lu\/pt-pt\/os-nossos-servicos\/#breadcrumb\",\"itemListElement\":[{\"@type\":\"ListItem\",\"position\":1,\"name\":\"Home\",\"item\":\"https:\/\/www.attitude.lu\/pt-pt\/\"},{\"@type\":\"ListItem\",\"position\":2,\"name\":\"Os nossos servi\u00e7os\"}]},{\"@type\":\"WebSite\",\"@id\":\"https:\/\/www.attitude.lu\/#website\",\"url\":\"https:\/\/www.attitude.lu\/\",\"name\":\"attitude.lu\",\"description\":\"vous accompage dans vos diff\u00e9rents objectifs\",\"potentialAction\":[{\"@type\":\"SearchAction\",\"target\":{\"@type\":\"EntryPoint\",\"urlTemplate\":\"https:\/\/www.attitude.lu\/?s={search_term_string}\"},\"query-input\":{\"@type\":\"PropertyValueSpecification\",\"valueRequired\":true,\"valueName\":\"search_term_string\"}}],\"inLanguage\":\"pt-PT\"}]}<\/script>\n<!-- \/ Yoast SEO plugin. -->","yoast_head_json":{"title":"Attitude.lu r\u00e9v\u00e9lateur de votre potentiel","description":"Elle nous permet de progresser et de r\u00e9ussir. Une faible estime de soi ce traduit par des doutes, l\u2019h\u00e9sitation...","robots":{"index":"index","follow":"follow","max-snippet":"max-snippet:-1","max-image-preview":"max-image-preview:large","max-video-preview":"max-video-preview:-1"},"canonical":"https:\/\/www.attitude.lu\/pt-pt\/os-nossos-servicos\/","og_locale":"pt_PT","og_type":"article","og_title":"Attitude.lu r\u00e9v\u00e9lateur de votre potentiel","og_description":"Elle nous permet de progresser et de r\u00e9ussir. Une faible estime de soi ce traduit par des doutes, l\u2019h\u00e9sitation...","og_url":"https:\/\/www.attitude.lu\/pt-pt\/os-nossos-servicos\/","og_site_name":"attitude.lu","article_modified_time":"2016-12-07T10:20:44+00:00","twitter_misc":{"Tempo estimado de leitura":"1 minuto"},"schema":{"@context":"https:\/\/schema.org","@graph":[{"@type":"WebPage","@id":"https:\/\/www.attitude.lu\/pt-pt\/os-nossos-servicos\/","url":"https:\/\/www.attitude.lu\/pt-pt\/os-nossos-servicos\/","name":"Attitude.lu r\u00e9v\u00e9lateur de votre potentiel","isPartOf":{"@id":"https:\/\/www.attitude.lu\/#website"},"datePublished":"2014-07-03T14:45:08+00:00","dateModified":"2016-12-07T10:20:44+00:00","description":"Elle nous permet de progresser et de r\u00e9ussir. Une faible estime de soi ce traduit par des doutes, l\u2019h\u00e9sitation...","breadcrumb":{"@id":"https:\/\/www.attitude.lu\/pt-pt\/os-nossos-servicos\/#breadcrumb"},"inLanguage":"pt-PT","potentialAction":[{"@type":"ReadAction","target":["https:\/\/www.attitude.lu\/pt-pt\/os-nossos-servicos\/"]}]},{"@type":"BreadcrumbList","@id":"https:\/\/www.attitude.lu\/pt-pt\/os-nossos-servicos\/#breadcrumb","itemListElement":[{"@type":"ListItem","position":1,"name":"Home","item":"https:\/\/www.attitude.lu\/pt-pt\/"},{"@type":"ListItem","position":2,"name":"Os nossos servi\u00e7os"}]},{"@type":"WebSite","@id":"https:\/\/www.attitude.lu\/#website","url":"https:\/\/www.attitude.lu\/","name":"attitude.lu","description":"vous accompage dans vos diff\u00e9rents objectifs","potentialAction":[{"@type":"SearchAction","target":{"@type":"EntryPoint","urlTemplate":"https:\/\/www.attitude.lu\/?s={search_term_string}"},"query-input":{"@type":"PropertyValueSpecification","valueRequired":true,"valueName":"search_term_string"}}],"inLanguage":"pt-PT"}]}},"_links":{"self":[{"href":"https:\/\/www.attitude.lu\/pt-pt\/wp-json\/wp\/v2\/pages\/4627","targetHints":{"allow":["GET"]}}],"collection":[{"href":"https:\/\/www.attitude.lu\/pt-pt\/wp-json\/wp\/v2\/pages"}],"about":[{"href":"https:\/\/www.attitude.lu\/pt-pt\/wp-json\/wp\/v2\/types\/page"}],"author":[{"embeddable":true,"href":"https:\/\/www.attitude.lu\/pt-pt\/wp-json\/wp\/v2\/users\/2"}],"replies":[{"embeddable":true,"href":"https:\/\/www.attitude.lu\/pt-pt\/wp-json\/wp\/v2\/comments?post=4627"}],"version-history":[{"count":4,"href":"https:\/\/www.attitude.lu\/pt-pt\/wp-json\/wp\/v2\/pages\/4627\/revisions"}],"predecessor-version":[{"id":4634,"href":"https:\/\/www.attitude.lu\/pt-pt\/wp-json\/wp\/v2\/pages\/4627\/revisions\/4634"}],"wp:attachment":[{"href":"https:\/\/www.attitude.lu\/pt-pt\/wp-json\/wp\/v2\/media?parent=4627"}],"curies":[{"name":"wp","href":"https:\/\/api.w.org\/{rel}","templated":true}]}}